{"id":3967,"date":"2017-02-06T17:22:53","date_gmt":"2017-02-06T16:22:53","guid":{"rendered":"http:\/\/www.casaranello.it\/il-progetto-touch-casaranello\/"},"modified":"2018-02-22T10:02:31","modified_gmt":"2018-02-22T09:02:31","slug":"das-projekt-touch-casaranello","status":"publish","type":"page","link":"https:\/\/www.casaranello.it\/de\/das-projekt-touch-casaranello\/","title":{"rendered":"Das Projekt Touch Casaranello"},"content":{"rendered":"<div class=\"wpb-content-wrapper\"><p>[vc_row css=&#8221;.vc_custom_1486642278121{padding-top: 100px !important;padding-bottom: 52px !important;}&#8221;][vc_column][vc_custom_heading text=&#8221;Touch Casaranello&#8221; font_container=&#8221;tag:h1|text_align:center&#8221; use_theme_fonts=&#8221;yes&#8221; sub_title=&#8221;Das Projekt wird vom Ministerrat und von der Abteilung f\u00fcr Jugend und Zivildienst (Dipartimento della Giovent\u00f9 e del Servizio Civile) finanziert.&#8221; show_border=&#8221;1&#8243; border_align=&#8221;&#8221;][vc_column_text css=&#8221;.vc_custom_1519289972881{padding-top: 20px !important;}&#8221;]Das Projekt \u201eTouch Casaranello\u201c dauert achtzehn Monate und hat das Ziel, die Kirche Santa Maria della Croce aufzuwerten, die auch unter der Bezeichnung Chiesa di Casaranello bekannt ist.<br \/>\nDie Aktivit\u00e4ten, die im Rahmen des Projekts \u201eTouch Casaranello\u201c stattfinden, werden vom Ministerrat und von der Abteilung f\u00fcr Jugend und Zivildienst (Dipartimento della Giovent\u00f9 e del Servizio Civile) finanziert. Der Kulturverein ArcheoCasarano \u201cUrspr\u00fcnge und Zukunft\u201d, steht im Projekt im Vordergrund mit der Unterst\u00fctzung von der Assoziation Domus Dei, deren Sitz in Ugento liegt, und der Stadt Casarano als externer Partner.<br \/>\nDie Vereine ArcheoCasarano und Domus Dei bilden eine zeitweilige Partnerschaft und finanzieren somit 20 % des Projekts.<\/p>\n<p>Das gesamte Projekt widmet sich der Kirche Santa Maria della Croce: Diese stellt ein au\u00dferordentliches Monument in historisch-k\u00fcnstlerischer Sicht dar. Die Kirche ist vor allem dank des Mosaiks bekannt, das das 5. Jahrhundert n. Chr. zur\u00fcckgeht und als Unikum der westlichen Sp\u00e4tantikentradition gilt.<br \/>\nTrotz ihrem hohen historischen bzw. k\u00fcnstlerischen Wert, war die Kirche nicht ad\u00e4quat aufgewertet und blieb somit von den touristischen und kulturellen Touren ausgeschlossen. Es mangelte auch an Informationsbroch\u00fcren, sowie an einer Webseite usw. Dank des leidenschaftlichen und bewussten Einsatzes des Kulturvereins kann dieses Monument heute wieder scheinen.<br \/>\n\u201eTouch Casaranello\u201c bedeutet also w\u00f6rtlich, den echten Wert von einem weltweiten bekannten Monument anfassen zu k\u00f6nnen.<\/p>\n<p>&nbsp;<\/p>\n<p><strong><u>Ziele des Projekts:<\/u><\/strong><\/p>\n<p>\u2022 Tourismussteigerung<br \/>\n\u2022 Das Monument in touristischen sowie kulturellen Touren mittels Promotion in Fachzeitschriften und bei Messen einbeziehen<br \/>\n\u2022 Promotion des Monumentes \u00fcber diverse Kan\u00e4le (Web sowie Papierformat)<br \/>\n\u2022 Realisierung der Webseite<br \/>\n\u2022 Realisierung von Promotions- und Informationsmaterial (Brosch\u00fcren, Reisef\u00fchrer, usw.)<br \/>\n\u2022 Organisation von Veranstaltungen f\u00fcr die Promotion und die Einbeziehung von Jugendlichen<br \/>\n\u2022 Anfertigung von Infotafeln<br \/>\n\u2022 Digitalisierung von Dokumenten des Stadtarchivs \u00fcber die Chiesa di Casaranello<br \/>\n\u2022 Organisierung von Konferenzen<br \/>\n\u2022 Organisierung von einem Literatur-Wettbewerb f\u00fcr lokale Sch\u00fcler mit dem Titel \u201cScrivo su Casaranello\u201d (\u201eIch schreibe \u00fcber Casaranello\u201c)<br \/>\n\u2022 Organisierung zweier Mosaikkurse f\u00fcr Jugendlichen sowie Erwachsene<br \/>\nRealisierung von einer Monographie \u00fcber die Kirche[\/vc_column_text][\/vc_column][\/vc_row][vc_row css=&#8221;.vc_custom_1486642556237{padding-top: 10px !important;padding-bottom: 0px !important;}&#8221;][vc_column css=&#8221;.vc_custom_1486481879883{padding-top: 20px !important;}&#8221;][vc_empty_space][vc_custom_heading text=&#8221;PARTNER&#8221; font_container=&#8221;tag:h1|text_align:center&#8221; use_theme_fonts=&#8221;yes&#8221; sub_title=&#8221;Die Partnervereine&#8221; show_border=&#8221;1&#8243; border_align=&#8221;&#8221;][\/vc_column][\/vc_row][vc_row css=&#8221;.vc_custom_1486642523258{padding-top: 0px !important;padding-bottom: 52px !important;}&#8221;][vc_column][vc_column_text]<\/p>\n<h3>ARCHEOCASARANO<\/h3>\n<p>Der Kulturverein ArcheoCasarano \u201eUrspr\u00fcnge und Zukunft\u201c wurde am 25. Oktober 2009 in Casarano gegr\u00fcndet. Das Hauptziel dieses Kulturvereins ist es, die lokalen historisch-k\u00fcnstlerischen Werke zu sch\u00fctzen, aufzuwerten und zu f\u00f6rdern.<br \/>\nDer Kulturverein hat au\u00dferdem das Ziel, die Einwohner \u2013 vor allem die Jugendlichen und die Sch\u00fcler \u2013 \u00fcber Kulturg\u00fcter und Umwelt zu begeistern.<br \/>\nArcheoCasarano hat 42 Mitglieder, die ein gemeinsames Interesse an Geschichte und Kunst haben. Die Mehrheit der Mitglieder ist zwischen 20 und 35 Jahre alt. Die Gruppe wird von sieben Personen geleitet, vor allem jungen Frauen, die jeweils f\u00fcr f\u00fcnf Jahre gew\u00e4hlt werden.<\/p>\n<p>Der Kulturverein bietet den Mitgliedern diverse Weiterbildungsgelegenheiten: u.a. Exkursionen, B\u00fccherpr\u00e4sentationen, Konferenzen, Kunstausstellungen, Musik- oder Theaterveranstaltungen. Der Kulturverein nimmt au\u00dferdem an Ausschreibungen teil, deren Zweck der Schutz und die Aufwertung der Kulturg\u00fcter ist.<br \/>\nSchon seit der Gr\u00fcndung organisiert der Kulturverein verschiedene Exkursionen im Rahmen des sogenannten Projekts \u201eArcheoDomeniche\u201c: Diese haben das Ziel, die Umgebung besser bekannt zu machen.<br \/>\nIn den letzten Jahren hat der Verein didaktische Ausfl\u00fcge angeboten: Rom und Umgebung, Neapel, Ercolano, Bari, Alberobello, Ostuni und Matera. Den Hauptschwerpunkt stellten die wichtigsten arch\u00e4ologischen St\u00e4tten in Salento dar: u.a. Ugento, Cavallino, Vaste, Roca Vecchia und Parabita. Thematische Ausfl\u00fcge fanden au\u00dferdem statt: die Kirche von Santa Caterina d\u00b4Alessandria in Galatina und die Kirche von Santo Stefano in Soleto. Die Gruppe besuchte au\u00dferdem die Kathedrale in Otranto, die Altstadt von Gallipoli, Lecce sowie von anderen Zentren in Salento.<br \/>\nAuf einer der wichtigsten Konferenzen wurde eine Briefmarke pr\u00e4sentiert, die die Kirche von Santa Maria della Croce darstellt. Die Briefmarke wurde vom Ministerium f\u00fcr wirtschaftliche Entwicklung auf Betreiben von ArcheoCasarano erstellt.<\/p>\n<p>Im Juni 2015 fand das Treffen \u201eBlick auf Ost\u201c statt, das \u00fcber das arch\u00e4ologische Risiko im Mittleren Osten nachdenken lie\u00df.<br \/>\n2012 organisierte der Kulturverein den ersten Konferenzenzyklus \u00fcber die Kirche von Santa Maria della Croce in Casarano. Der Konferenzenzyklus hie\u00df \u201eDie Kirche von Santa Maria della Croce, Casaranello \u2013 Ein Erinnerungsst\u00fcck zu sch\u00fctzen, einen Schatz aufzuwerten.\u201c<br \/>\nDer Kulturverein arbeitet mit \u201ePresidi del libro\u201c aktiv zusammen, um das Interesse am Lesen unter den Jugendlichen zu f\u00f6rdern. Bei den Promotionsveranstaltungen werden lokale aufstrebende Schriftsteller pr\u00e4sentiert.<\/p>\n<p>Um die Jugendlichen \u00fcber die Kulturg\u00fcter zu begeistern, nimmt der Kulturverein an einem Praktikum-Projekt der Schule Liceo Scientifico G. C. Vanini in Casarano teil. Die Studenten nehmen an jeder Kulturveranstaltung aktiv teil.<\/p>\n<p>Seit 2010 veranstaltet der Kulturverein Summer Camps zur Arch\u00e4ologie-Didaktik f\u00fcr Kinder und Jugendlichen zwischen dem 7. und dem 13. Lebensjahr. Die spielerischen bzw. didaktischen Aktivit\u00e4ten betreffen Kunst und Geschichte. Im Rahmen dieser Initiative arbeitet ArcheoCasarano mit den lokalen Sozialen Beh\u00f6rden sowie mit verschiedenen Zentren f\u00fcr Leute mit Behinderung zusammen, um die soziale Inklusion unter den neuen Generationen zu f\u00f6rdern.<br \/>\nSeit dem Sommer 2015 ist der Kulturverein f\u00fcr die Leitung des in der Altstadt liegenden Parks vom Palazzo Baronale De Donatis mit Genehmigung der Stadt Casarano verantwortlich.<\/p>\n<p>In diesem Palast werden verschiedene Konzerte, Filmforen und Vorf\u00fchrungen veranstaltet. Zu den wichtigsten Veranstaltungen im Palazzo de Donatis z\u00e4hlen \u201eDer nationale Buchtag\u201c und die lebende Weihnachtskrippe der Stadt Casarano.<br \/>\nIm Juni 2015 erschien Palazzo De Donatis in der Sendung \u201eUno mattina estate\u201c beim nationalen Sender RAI UNO. Dieser Palast steht au\u00dferdem f\u00fcr Schulen und Vereinen zur Verf\u00fcgung.<\/p>\n<p>Der Kulturverein nimmt an nationalen Ausschreibungen und Wettbewerben teil. Im Fr\u00fchjahr 2015 gewann ArcheoCasarano eine Ausschreibung vom Ministerrat und von der Abteilung f\u00fcr Jugend und Zivildienst. Schwerpunkt des Projektes ist die Aufwertung der Kirche von Santa Maria della Croce, auch bekannt als Kirche von \u201eCasaranello\u201c.<br \/>\nIm Herbst 2014 bekam der Kulturverein F\u00f6rderungsgelder von der Stadt Casarano f\u00fcr das Projekt \u201eSakrale Orte au\u00dferhalb der Stadt, Stadtaufwertung vom Stadtrand bis zum Zentrum\u201c. Unter den verschiedenen Aktivit\u00e4ten m\u00f6chten wir an dieser Stelle betonen, dass der Kulturverein auch die Reinigung mancher Kulturorte am Stadtrand unternommen hat. Diese werden oft selbst von den Einwohner vernachl\u00e4ssigt und nicht beachtet.<\/p>\n<p>Der Kulturverein engagiert sich au\u00dferdem f\u00fcr die Forschung, indem er diese finanziert. Unter den Hauptinitiativen z\u00e4hlen vor allem die arch\u00e4ologische St\u00e4tte am mittelalterlichen Friedhof in Casarano und die geophysische Untersuchung in der Kirche von Casaranello. Einige Forscher der Universit\u00e4t Bologna haben mittels eines Georadars den Untergrund der sp\u00e4tantiken Kirche nicht invasiv untersuchen k\u00f6nnen. Diese Sch\u00fcrfungen ergaben signifikante Ergebnisse, die jetzt als Ausgangspunkt f\u00fcr arch\u00e4ologische Untersuchungen gelten.<\/p>\n<p>[\/vc_column_text][\/vc_column][\/vc_row][vc_row css=&#8221;.vc_custom_1486480947668{padding-top: 10px !important;padding-bottom: 52px !important;}&#8221;][vc_column][vc_column_text]<\/p>\n<h3>DOMUS DEI<\/h3>\n<p>Der Kulturverein Domus Dei wurde 2003 gegr\u00fcndet und besch\u00e4ftigt sich mit kirchlichen Kulturg\u00fctern der Di\u00f6zese Ugento-Santa Maria di Leuca. Er organisiert verschiedene Ausstellungen und Bildungsveranstaltungen, die sowohl als Vorlesungen als auch in Form von Exkursionen stattfinden k\u00f6nnen. Der Verein leitet au\u00dferdem das Museum der Basilika in Leuca und das di\u00f6zesane Museum in Ugento.<br \/>\nDer Kulturverein gewann verschiedene Auszeichnungen, u.a. eine f\u00fcr die Bildung des Freiwilligen Zentrums Salento und eine f\u00fcr die Ausschreibung \u201eJugendliche f\u00fcr die Aufwertung von \u00f6ffentlichen G\u00fctern\u201c vom Ministerium f\u00fcr Jugend.[\/vc_column_text][\/vc_column][\/vc_row][vc_row css=&#8221;.vc_custom_1486650729641{padding-top: 50px !important;padding-bottom: 50px !important;}&#8221;][vc_column][vc_single_image image=&#8221;3627&#8243; img_size=&#8221;full&#8221; alignment=&#8221;center&#8221; css_animation=&#8221;fadeIn&#8221; cover_img=&#8221;&#8221; padding_left_responsive_15=&#8221;&#8221; padding_right_responsive_15=&#8221;&#8221;][\/vc_column][\/vc_row]<\/p>\n<\/div>","protected":false},"excerpt":{"rendered":"<p>[vc_row css=&#8221;.vc_custom_1486642278121{padding-top: 100px !important;padding-bottom: 52px !important;}&#8221;][vc_column][vc_custom_heading text=&#8221;Touch Casaranello&#8221; font_container=&#8221;tag:h1|text_align:center&#8221; use_theme_fonts=&#8221;yes&#8221; sub_title=&#8221;Das Projekt wird vom Ministerrat und von der Abteilung f\u00fcr Jugend und Zivildienst (Dipartimento della Giovent\u00f9 e del Servizio Civile) finanziert.&#8221; show_border=&#8221;1&#8243; border_align=&#8221;&#8221;][vc_column_text css=&#8221;.vc_custom_1519289972881{padding-top: 20px !important;}&#8221;]Das Projekt \u201eTouch Casaranello\u201c dauert achtzehn Monate und hat das Ziel, die Kirche Santa Maria della Croce aufzuwerten, die auch unter der Bezeichnung Chiesa di Casaranello bekannt ist. Die Aktivit\u00e4ten, die im Rahmen des Projekts \u201eTouch Casaranello\u201c stattfinden, werden vom Ministerrat und von der Abteilung f\u00fcr Jugend und Zivildienst (Dipartimento della Giovent\u00f9 e del Servizio Civile) finanziert. Der Kulturverein ArcheoCasarano \u201cUrspr\u00fcnge und Zukunft\u201d, steht im<\/p>\n","protected":false},"author":1,"featured_media":0,"parent":0,"menu_order":0,"comment_status":"closed","ping_status":"closed","template":"","meta":{"footnotes":""},"class_list":["post-3967","page","type-page","status-publish","hentry"],"_links":{"self":[{"href":"https:\/\/www.casaranello.it\/de\/wp-json\/wp\/v2\/pages\/3967","targetHints":{"allow":["GET"]}}],"collection":[{"href":"https:\/\/www.casaranello.it\/de\/wp-json\/wp\/v2\/pages"}],"about":[{"href":"https:\/\/www.casaranello.it\/de\/wp-json\/wp\/v2\/types\/page"}],"author":[{"embeddable":true,"href":"https:\/\/www.casaranello.it\/de\/wp-json\/wp\/v2\/users\/1"}],"replies":[{"embeddable":true,"href":"https:\/\/www.casaranello.it\/de\/wp-json\/wp\/v2\/comments?post=3967"}],"version-history":[{"count":2,"href":"https:\/\/www.casaranello.it\/de\/wp-json\/wp\/v2\/pages\/3967\/revisions"}],"predecessor-version":[{"id":3969,"href":"https:\/\/www.casaranello.it\/de\/wp-json\/wp\/v2\/pages\/3967\/revisions\/3969"}],"wp:attachment":[{"href":"https:\/\/www.casaranello.it\/de\/wp-json\/wp\/v2\/media?parent=3967"}],"curies":[{"name":"wp","href":"https:\/\/api.w.org\/{rel}","templated":true}]}}