{"id":3996,"date":"2017-05-02T11:07:35","date_gmt":"2017-05-02T09:07:35","guid":{"rendered":"http:\/\/www.casaranello.it\/sostieni\/"},"modified":"2018-02-22T13:15:43","modified_gmt":"2018-02-22T12:15:43","slug":"unterstutzen","status":"publish","type":"page","link":"https:\/\/www.casaranello.it\/de\/unterstutzen\/","title":{"rendered":"Unterst\u00fctzen"},"content":{"rendered":"<div class=\"wpb-content-wrapper\"><p>[vc_row css=&#8221;.vc_custom_1486642278121{padding-top: 100px !important;padding-bottom: 52px !important;}&#8221;][vc_column][vc_custom_heading text=&#8221;Unterst\u00fctzen Sie die Aufwertung<br \/>\nder Kirche Santa Maria della Croce&#8221; font_container=&#8221;tag:h1|text_align:center&#8221; use_theme_fonts=&#8221;yes&#8221; show_border=&#8221;1&#8243; border_align=&#8221;&#8221;][vc_column_text css=&#8221;.vc_custom_1519300912459{padding-top: 20px !important;}&#8221;]ArcheoCasarano \u201eUrspr\u00fcnge und Zukunft\u201c ist ein Kulturverein ohne Erwerbscharakter, deren Mitglieder meistens 20-25 Jahre alt sind und die Leidenschaft f\u00fcr Kunst und Geschichte gemeinsam haben. F\u00fcr viele unter uns ist diese Leidenschaft zu einer Lebensentscheidung geworden, derentwegen man auf vieles verzichtet hat und eine auf dem Bereich spezialisierte Ausbildung unternommen hat. Heute bringen uns unsere F\u00e4higkeiten dazu immer st\u00e4rker auf diese Leidenschaft zu vertrauen, indem uns bewusst ist, dass diese zu unserer Arbeit werden kann und soll. Die Verbreitung wissenschaftlichen Wissens und die Aufwertung der Kirche von Casaranello stellen ein Beispiel der vielen Schutz-, Aufwertungs- und Promotionsinitiativen dar, die wir vor Ort vorgenommen haben.<\/p>\n<p>Sie k\u00f6nnen uns unterst\u00fctzen und somit erm\u00f6glichen, dass unser Einsatz zu einem kompletten lokalen Service wird und unsere kleinen Realit\u00e4ten verst\u00e4rkt werden.[\/vc_column_text][\/vc_column][\/vc_row][vc_row css=&#8221;.vc_custom_1486642556237{padding-top: 10px !important;padding-bottom: 0px !important;}&#8221;][vc_column css=&#8221;.vc_custom_1486481879883{padding-top: 20px !important;}&#8221;][vc_empty_space][vc_custom_heading text=&#8221;Wie k\u00f6nnen Sie uns helfen?&#8221; font_container=&#8221;tag:h1|text_align:center&#8221; use_theme_fonts=&#8221;yes&#8221; show_border=&#8221;1&#8243; border_align=&#8221;&#8221;][\/vc_column][\/vc_row][vc_row css=&#8221;.vc_custom_1493716567268{padding-top: 0px !important;padding-bottom: 10px !important;}&#8221;][vc_column][vc_column_text]<\/p>\n<h3><strong>Sie k\u00f6nnen uns Ihre 5 PER MILLE spenden (noch nicht aktiv)<\/strong><\/h3>\n<p>Es ist ausreichend, unsere Identifikationsnummer <strong>90033450751<\/strong> in der Steuererkl\u00e4rung anzugeben und unter folgendem unterschreiben:<\/p>\n<p>\u201e<em>Unterst\u00fctzung von ehrenamtlichen Organisationen sowie von anderen sozialen Organisationen ohne Erwerbscharakter, Vereinen f\u00fcr den sozialen Aufstieg und anerkannte Stiftungen, die im Artikel 10, c.1, lett.a D.Lgs. n. 460 1997 beschrieben werden.<\/em>\u201c<\/p>\n<p>Dieser Beitrag <strong>KOSTET DEN SPENDERN NICHTS<\/strong>, er ist jedoch f\u00fcr uns wichtig!<\/p>\n<p>[\/vc_column_text][\/vc_column][\/vc_row][vc_row css=&#8221;.vc_custom_1493716555413{padding-top: 0px !important;padding-bottom: 10px !important;}&#8221;][vc_column][vc_column_text]<\/p>\n<h3><strong>Sie k\u00f6nnen etwas SPENDEN<\/strong><\/h3>\n<p>Bank\u00fcberweisung an:<\/p>\n<p>ARCHEOCASARANO ORIGINI E FUTURO \u2013 IBAN: IT 53 T 05262 79520 CC0021230409<\/p>\n<p><strong>Filiale 2; Verteilungsfiliale CASARANO PIAZZA INDIPENDENZA<\/strong><br \/>\n<strong>bei Banca popolare Pugliese<\/strong>[\/vc_column_text][\/vc_column][\/vc_row][vc_row css=&#8221;.vc_custom_1493716576491{padding-top: 0px !important;padding-bottom: 10px !important;}&#8221;][vc_column][vc_column_text]<\/p>\n<h3><strong>Werden Sie MITGLIED in unserem Verein<\/strong><\/h3>\n<p>Die Mitglieder helfen uns nicht nur, indem sie ihren j\u00e4hrlichen Mitgliedsbeitrag zahlen, sondern auch, indem sie unserem Projekt bei der Kirche von Casaranello mehr Wert verleihen.<\/p>\n<p><em>Wir m\u00f6chten Sie daran erinnern, dass der Mitgliedsbeitrag das Kalenderjahr betrifft, in dem man ihn bezahlt.<\/em><\/p>\n<p>[\/vc_column_text][\/vc_column][\/vc_row][vc_row css=&#8221;.vc_custom_1486642556237{padding-top: 10px !important;padding-bottom: 0px !important;}&#8221;][vc_column css=&#8221;.vc_custom_1486481879883{padding-top: 20px !important;}&#8221;][vc_empty_space][vc_custom_heading text=&#8221;Weniger Steuern f\u00fcr diejenigen, die in Kultur investieren!&#8221; font_container=&#8221;tag:h1|text_align:center&#8221; use_theme_fonts=&#8221;yes&#8221; show_border=&#8221;1&#8243; border_align=&#8221;&#8221;][\/vc_column][\/vc_row][vc_row css=&#8221;.vc_custom_1493716005790{padding-top: 0px !important;padding-bottom: 30px !important;}&#8221;][vc_column][vc_column_text]<a href=\"http:\/\/www.beniculturali.it\/mibac\/export\/MiBAC\/sito-MiBAC\/Contenuti\/visualizza_asset.html_453106013.html\">http:\/\/www.beniculturali.it\/mibac\/export\/MiBAC\/sito-MiBAC\/Contenuti\/visualizza_asset.html_453106013.html<\/a><\/p>\n<p>Der Testo Unico delle Imposte sul Reddito (D.P.R. 917\/1986) im Art.100, comma 2, lettera m), setzt fest, dass man Anspruch auf einen Steuerabzug hat, wenn man an den Staat, die Regionen, eine Gebietsk\u00f6rperschaft, eine \u00f6ffentliche Beh\u00f6rde bzw. Institution, eine rechtlich anerkannte Organisation einen Betrag f\u00fcr die Durchf\u00fchrung der institutionellen Aufgaben und die Realisierung von Kulturprogrammen sowie von Veranstaltungen gespendet hat.<br \/>\nDie Ma\u00dfnahme vom 15. M\u00e4rz 2002 der Steuerbeh\u00f6rde erkl\u00e4rt die Modalit\u00e4t der elektronischen \u00dcbermittlung von Seite der Spender sowie des Ministeriums f\u00fcr Kulturg\u00fcter, kulturelle Aktivit\u00e4ten und Tourismus.<br \/>\nEine Ma\u00dfnahme im Oktober 2002 \u2013 bearbeitet am 19. November 2010 &#8211; vom Ministerium f\u00fcr Kulturg\u00fcter, kulturelle Aktivit\u00e4ten und Tourismus legt fest, welche Kategorien Anspruch auf Spenden haben und was die Kommunikationsverpflichtungen zwischen Spendern und Beg\u00fcnstigte sind.<\/p>\n<p>Um Steuererm\u00e4\u00dfigungen f\u00fcr einen freiwilligen Spende-Betrag von 2010 zu bekommen, muss man nur eines beachten:<\/p>\n<p>Der Spender muss den Spende-Betrag nur der Steuerbeh\u00f6rde bis sp\u00e4testens zum 31. Januar 2017 durch die entsprechende Software elektronisch \u00fcbermitteln (auf der offiziellen Internetseite aufrufbar www.agenziaentrate.gov.it).<\/p>\n<p>Der Beg\u00fcnstigte muss die angekommene Spende an das Ministerium f\u00fcr Kulturg\u00fcter, kulturelle Aktivit\u00e4ten und Tourismus bis sp\u00e4testens zum 31. Januar 2017 \u00fcber das neue Formular \u00fcbermitteln. Das Formular kann man unter den Unterlagen in der vorliegenden Internetseite aufrufen.<\/p>\n<p>Nach dem Vorgang wird eine Identifikationsnummer angezeigt, die als Best\u00e4tigung gilt und die man ausdrucken und aufbewahren muss.[\/vc_column_text][vc_empty_space height=&#8221;80px&#8221;][\/vc_column][\/vc_row]<\/p>\n<\/div>","protected":false},"excerpt":{"rendered":"<p>[vc_row css=&#8221;.vc_custom_1486642278121{padding-top: 100px !important;padding-bottom: 52px !important;}&#8221;][vc_column][vc_custom_heading text=&#8221;Unterst\u00fctzen Sie die Aufwertung der Kirche Santa Maria della Croce&#8221; font_container=&#8221;tag:h1|text_align:center&#8221; use_theme_fonts=&#8221;yes&#8221; show_border=&#8221;1&#8243; border_align=&#8221;&#8221;][vc_column_text css=&#8221;.vc_custom_1519300912459{padding-top: 20px !important;}&#8221;]ArcheoCasarano \u201eUrspr\u00fcnge und Zukunft\u201c ist ein Kulturverein ohne Erwerbscharakter, deren Mitglieder meistens 20-25 Jahre alt sind und die Leidenschaft f\u00fcr Kunst und Geschichte gemeinsam haben. F\u00fcr viele unter uns ist diese Leidenschaft zu einer Lebensentscheidung geworden, derentwegen man auf vieles verzichtet hat und eine auf dem Bereich spezialisierte Ausbildung unternommen hat. Heute bringen uns unsere F\u00e4higkeiten dazu immer st\u00e4rker auf diese Leidenschaft zu vertrauen, indem uns bewusst ist, dass diese zu unserer Arbeit werden kann und soll. Die<\/p>\n","protected":false},"author":1,"featured_media":0,"parent":0,"menu_order":0,"comment_status":"closed","ping_status":"closed","template":"","meta":{"footnotes":""},"class_list":["post-3996","page","type-page","status-publish","hentry"],"_links":{"self":[{"href":"https:\/\/www.casaranello.it\/de\/wp-json\/wp\/v2\/pages\/3996","targetHints":{"allow":["GET"]}}],"collection":[{"href":"https:\/\/www.casaranello.it\/de\/wp-json\/wp\/v2\/pages"}],"about":[{"href":"https:\/\/www.casaranello.it\/de\/wp-json\/wp\/v2\/types\/page"}],"author":[{"embeddable":true,"href":"https:\/\/www.casaranello.it\/de\/wp-json\/wp\/v2\/users\/1"}],"replies":[{"embeddable":true,"href":"https:\/\/www.casaranello.it\/de\/wp-json\/wp\/v2\/comments?post=3996"}],"version-history":[{"count":2,"href":"https:\/\/www.casaranello.it\/de\/wp-json\/wp\/v2\/pages\/3996\/revisions"}],"predecessor-version":[{"id":3998,"href":"https:\/\/www.casaranello.it\/de\/wp-json\/wp\/v2\/pages\/3996\/revisions\/3998"}],"wp:attachment":[{"href":"https:\/\/www.casaranello.it\/de\/wp-json\/wp\/v2\/media?parent=3996"}],"curies":[{"name":"wp","href":"https:\/\/api.w.org\/{rel}","templated":true}]}}