{"id":4671,"date":"2024-03-13T14:08:27","date_gmt":"2024-03-13T13:08:27","guid":{"rendered":"https:\/\/www.casaranello.it\/datenschutzrichtlinie\/"},"modified":"2024-03-13T14:08:27","modified_gmt":"2024-03-13T13:08:27","slug":"datenschutzrichtlinie","status":"publish","type":"page","link":"https:\/\/www.casaranello.it\/de\/datenschutzrichtlinie\/","title":{"rendered":"Datenschutzrichtlinie"},"content":{"rendered":"\r\n<p>G\u00fcltig seit: 2024-03-13<\/p>\r\n<p>Aktualisiert am: 2024-03-13<\/p>\r\n<p>\r\n  Diese Datenschutzrichtlinie erl\u00e4utert die Richtlinien von \r\nAss. Culturale Archeo Casarano \u201cOrigini e Futuro\u201d zur Erfassung und Verwendung der Informationen, die wir sammeln, wenn Sie auf https:\/\/www.casaranello.it (den \u201eDienst\u201c) zugreifen.\r\nDiese Datenschutzrichtlinie beschreibt Ihre Datenschutzrechte und wie Sie durch Datenschutzgesetze gesch\u00fctzt sind.<\/p>\r\n<p>\r\n  Durch die Nutzung unseres Dienstes erkl\u00e4ren Sie sich mit der Erfassung und Nutzung Ihrer \r\nDaten in \u00dcbereinstimmung mit dieser Datenschutzrichtlinie einverstanden. Bitte greifen Sie nicht auf unseren Dienst zu\r\noder nutzen Sie ihn nicht, wenn Sie nicht mit der Erfassung und Nutzung Ihrer Daten, wie in dieser Datenschutzrichtlinie\r\ndargelegt, einverstanden sind. Diese Datenschutzerkl\u00e4rung wurde mithilfe des \r\n<a target=\"_blank\" href=\"https:\/\/cookie-script.com\/privacy-policy-generator\" rel=\"noopener\">CookieScript Datenschutzerkl\u00e4rungs-Generators<\/a>\r\nerstellt.<\/p>\r\n<p>Ass. Culturale Archeo Casarano \u201cOrigini e Futuro\u201d ist berechtigt, diese Datenschutzerkl\u00e4rung jederzeit zu \u00e4ndern.\r\nDies kann ohne vorherige Ank\u00fcndigung geschehen. <\/p>\r\n<p>\r\n  Ass. Culturale Archeo Casarano \u201cOrigini e Futuro\u201d wird die \u00fcberarbeitete Datenschutzrichtlinie auf der\r\nWebsite https:\/\/www.casaranello.it ver\u00f6ffentlichen.<\/p>\r\n\r\n    <h3>Erfassung und Verwendung Ihrer pers\u00f6nlichen Daten<\/h3>\r\n    <h4>Welche Art von Daten wir sammeln<\/h4>\r\n    <p>\r\n      Bei der Nutzung unseres Dienstes werden Sie aufgefordert, uns personenbezogene Daten \r\nmitzuteilen, um Sie zu kontaktieren oder zu identifizieren. https:\/\/www.casaranello.it sammelt die folgenden Informationen:    <\/p>\r\n\r\n    <ul>\r\n                    <li>Nutzungsdaten<\/li>\r\n            <\/ul>\r\n\r\n            <p>Zu den Nutzungsdaten geh\u00f6ren die folgenden Daten:<\/p>\r\n        <ul>\r\n            <li>Internet-Protokoll (IP)-Adresse der Computer, die auf die Website zugreifen<\/li>\r\n            <li>Website-Anfragen<\/li>\r\n            <li>Verweisende Webseiten<\/li>\r\n            <li>F\u00fcr den Zugriff auf die Website verwendeter Browser<\/li>\r\n            <li>Uhrzeit und Datum des Zugriffs<\/li>\r\n        <\/ul>\r\n    \r\n    <h4>Auf welche Weise wir Daten sammeln<\/h4>\r\n    <p>\r\n      https:\/\/www.casaranello.it sammelt und erh\u00e4lt Daten von Ihnen auf folgende Weise:    <\/p>\r\n    <ul>\r\n                <li>Wenn Sie ein Anmeldeformular ausf\u00fcllen oder auf andere Weise Ihre pers\u00f6nlichen Daten \u00fcbermitteln.<\/li>\r\n          <\/ul>\r\n    <p>\r\n      Ihre Daten werden bis zu 365 Tag(e) nach K\u00fcndigung Ihres \r\nKontos gespeichert. Ihre Daten k\u00f6nnen in \u00dcbereinstimmung mit den geltenden Gesetzen f\u00fcr l\u00e4ngere Zeitr\u00e4ume\r\naufbewahrt werden, um Berichte oder Aufzeichnungen zu erstellen. Daten, die Sie nicht pers\u00f6nlich \r\nidentifizieren, k\u00f6nnen auf unbestimmte Zeit gespeichert werden.    <\/p>\r\n\r\n            <h4>Wozu wir Ihre Daten verwenden<\/h4>\r\n        <p>\r\n          https:\/\/www.casaranello.it kann Ihre Daten f\u00fcr die folgenden Zwecke verwenden:        <\/p>\r\n        <ul>\r\n                        <li><b>Bereitstellung und Wartung unseres Dienstes,<\/b>sowie die \u00dcberwachung der Nutzung unseres Dienstes.<\/li>\r\n                        <li><b>F\u00fcr sonstige Zwecke.<\/b> Ass. Culturale Archeo Casarano \u201cOrigini e Futuro\u201d kann Ihre Daten f\u00fcr Datenanalysen verwenden, um \r\nNutzungstrends zu erkennen oder die Wirksamkeit unserer Marketingkampagnen zu bestimmen, sofern dies angemessen \r\nist. Wir verwenden Ihre Daten, um unseren Dienst, unsere Produkte, Dienstleistungen und Marketingma\u00dfnahmen zu bewerten \r\nund zu verbessern.<\/li>\r\n                  <\/ul>\r\n    \r\n            <h4>Wie wir Ihre Daten verwenden<\/h4>\r\n        <p>\r\n          Ass. Culturale Archeo Casarano \u201cOrigini e Futuro\u201d kann Ihre Daten gegebenenfalls in den folgenden Situationen weitergeben:        <\/p>\r\n        <ul>\r\n                      <li><b>Mit Ihrer Zustimmung.<\/b> Ass. Culturale Archeo Casarano \u201cOrigini e Futuro\u201d wird Ihre Daten f\u00fcr jeden Zweck nur mit Ihrer ausdr\u00fccklichen Zustimmung weitergeben.<\/li>\r\n                  <\/ul>\r\n    \r\n    <h4>Freigabe durch Dritte<\/h4>\r\n    \r\n    <p>Ihre Daten k\u00f6nnen aus weiteren Gr\u00fcnden \r\nweitergegeben werden, z. B:<\/p>\r\n    <ul>\r\n        <li>Einhaltung geltender Gesetze, Vorschriften oder gerichtlicher Anordnungen.<\/li>\r\n        <li>Reagieren auf Behauptungen, dass Ihre Nutzung unseres Dienstes die Rechte Dritter verletzt.<\/li>\r\n        <li>Durchsetzung von Vereinbarungen, die Sie mit uns getroffen haben, einschlie\u00dflich dieser Datenschutzrichtlinie.<\/li>\r\n    <\/ul>\r\n\r\n    <h4>Cookies<\/h4>\r\n    <p>\r\n        Cookies sind kleine Textdateien, die von \r\nWebsites, die Sie besuchen, auf Ihrem Computer gespeichert werden. Websites verwenden Cookies, um den Nutzern eine \r\neffiziente Navigation zu erm\u00f6glichen und zu helfen, bestimmte Funktionen auszuf\u00fchren. Cookies, die f\u00fcr den \r\nordnungsgem\u00e4\u00dfen Betrieb der Website erforderlich sind, d\u00fcrfen auch ohne Ihre Zustimmung gesetzt werden. Alle anderen \r\nCookies m\u00fcssen erst genehmigt werden, bevor sie im Browser gesetzt werden k\u00f6nnen.    <\/p>\r\n    <ul>\r\n              <li><b>Unbedingt erforderliche Cookies.<\/b> Unbedingt erforderliche Cookies erm\u00f6glichen \r\nwesentliche Kernfunktionen der Website wie die Benutzeranmeldung und die Kontoverwaltung. Ohne die unbedingt \r\nerforderlichen Cookies kann die Website nicht ordnungsgem\u00e4\u00df verwendet werden.<\/li>\r\n          <\/ul>\r\n\r\n            <div class=\"cookie-report-container\">\r\n            <p data-cookiereport=\"true\">\r\n                Sie k\u00f6nnen Ihre Zustimmung zur Cookie-Nutzung unten \u00e4ndern.            <\/p>\r\n            <script\r\n                type=\"text\/javascript\"\r\n                charset=\"UTF-8\"\r\n                data-cookiescriptreport=\"report\"\r\n                data-cs-lang=\"de\"\r\n                src=\"\/\/report.cookie-script.com\/r\/fd5ecb6177774c16a357f39b50b25491.js\"\r\n            >\r\n            <\/script>\r\n        <\/div>\r\n    \r\n    <h4>Sicherheit<\/h4>\r\n    <p>\r\n      Die Sicherheit Ihrer Daten ist f\u00fcr uns wichtig. https:\/\/www.casaranello.it setzt \r\neine Reihe von Sicherheitsma\u00dfnahmen ein, um den Missbrauch, den Verlust oder die Ver\u00e4nderung der von Ihnen zur Verf\u00fcgung \r\ngestellten Daten zu verhindern. Da wir jedoch die Sicherheit der von Ihnen bereitgestellten Daten nicht garantieren \r\nk\u00f6nnen, erfolgt der Zugang zu unserem Dienst auf Ihr eigenes Risiko.    <\/p>\r\n    <p>\r\n      Ass. Culturale Archeo Casarano \u201cOrigini e Futuro\u201d ist nicht verantwortlich f\u00fcr die Leistung von \r\nWebsites, die von Dritten betrieben werden, oder f\u00fcr Ihre Interaktionen mit diesen. Wenn Sie diese Website \r\nverlassen, empfehlen wir Ihnen, die Datenschutzpraktiken anderer Websites, mit denen Sie interagieren, zu \u00fcberpr\u00fcfen \r\nund die Angemessenheit dieser Praktiken festzustellen.    <\/p>\r\n\r\n    <h4>Kontakt<\/h4>\r\n    <p>Wenn Sie Fragen haben, kontaktieren Sie uns bitte \u00fcber eine der folgenden Kan\u00e4le:<\/p>\r\n    <p>Name: Ass. Culturale Archeo Casarano \u201cOrigini e Futuro\u201d<\/p>\r\n    <p>Adresse: Via Casaranello 73042 Casarano LE &#8211; IT<\/p>\r\n    <p>E-Mail: archeocasarano@virgilio.it<\/p>\r\n    <p>Website: https:\/\/www.casaranello.it<\/p>\r\n","protected":false},"excerpt":{"rendered":"<p>G\u00fcltig seit: 2024-03-13 Aktualisiert am: 2024-03-13 Diese Datenschutzrichtlinie erl\u00e4utert die Richtlinien von Ass. Culturale Archeo Casarano \u201cOrigini e Futuro\u201d zur Erfassung und Verwendung der Informationen, die wir sammeln, wenn Sie auf https:\/\/www.casaranello.it (den \u201eDienst\u201c) zugreifen. Diese Datenschutzrichtlinie beschreibt Ihre Datenschutzrechte und wie Sie durch Datenschutzgesetze gesch\u00fctzt sind. Durch die Nutzung unseres Dienstes erkl\u00e4ren Sie sich mit der Erfassung und Nutzung Ihrer Daten in \u00dcbereinstimmung mit dieser Datenschutzrichtlinie einverstanden. Bitte greifen Sie nicht auf unseren Dienst zu oder nutzen Sie ihn nicht, wenn Sie nicht mit der Erfassung und Nutzung Ihrer Daten, wie in dieser Datenschutzrichtlinie dargelegt, einverstanden sind. Diese Datenschutzerkl\u00e4rung<\/p>\n","protected":false},"author":1,"featured_media":0,"parent":0,"menu_order":0,"comment_status":"closed","ping_status":"closed","template":"","meta":{"footnotes":""},"class_list":["post-4671","page","type-page","status-publish","hentry"],"_links":{"self":[{"href":"https:\/\/www.casaranello.it\/de\/wp-json\/wp\/v2\/pages\/4671","targetHints":{"allow":["GET"]}}],"collection":[{"href":"https:\/\/www.casaranello.it\/de\/wp-json\/wp\/v2\/pages"}],"about":[{"href":"https:\/\/www.casaranello.it\/de\/wp-json\/wp\/v2\/types\/page"}],"author":[{"embeddable":true,"href":"https:\/\/www.casaranello.it\/de\/wp-json\/wp\/v2\/users\/1"}],"replies":[{"embeddable":true,"href":"https:\/\/www.casaranello.it\/de\/wp-json\/wp\/v2\/comments?post=4671"}],"version-history":[{"count":0,"href":"https:\/\/www.casaranello.it\/de\/wp-json\/wp\/v2\/pages\/4671\/revisions"}],"wp:attachment":[{"href":"https:\/\/www.casaranello.it\/de\/wp-json\/wp\/v2\/media?parent=4671"}],"curies":[{"name":"wp","href":"https:\/\/api.w.org\/{rel}","templated":true}]}}